{"id":5312,"date":"2019-05-10T10:11:26","date_gmt":"2019-05-10T10:11:26","guid":{"rendered":"https:\/\/saharchitects.lu\/?page_id=5312"},"modified":"2026-02-03T15:51:29","modified_gmt":"2026-02-03T14:51:29","slug":"saharchitects-jobs","status":"publish","type":"page","link":"https:\/\/saharchitects.lu\/fr\/saharchitects-jobs\/","title":{"rendered":"Offres d'emploi"},"content":{"rendered":"<div data-elementor-type=\"wp-post\" data-elementor-id=\"5312\" class=\"elementor elementor-5312\" data-elementor-post-type=\"page\">\n\t\t\t\t\t\t<section class=\"elementor-section elementor-top-section elementor-element elementor-element-a99c231 elementor-section-stretched elementor-section-boxed elementor-section-height-default elementor-section-height-default\" data-id=\"a99c231\" data-element_type=\"section\" data-settings=\"{&quot;stretch_section&quot;:&quot;section-stretched&quot;,&quot;architecturer_ext_is_background_parallax&quot;:&quot;false&quot;,&quot;architecturer_ext_is_background_on_scroll&quot;:&quot;false&quot;}\">\n\t\t\t\t\t\t<div class=\"elementor-container elementor-column-gap-no\">\n\t\t\t\t\t<div class=\"elementor-column elementor-col-50 elementor-top-column elementor-element elementor-element-fea7d18\" data-id=\"fea7d18\" data-element_type=\"column\" data-settings=\"{&quot;architecturer_ext_is_mobile_menu&quot;:&quot;false&quot;,&quot;architecturer_ext_is_scrollme&quot;:&quot;false&quot;,&quot;architecturer_ext_is_smoove&quot;:&quot;false&quot;,&quot;architecturer_ext_is_parallax_mouse&quot;:&quot;false&quot;,&quot;architecturer_ext_is_infinite&quot;:&quot;false&quot;,&quot;architecturer_ext_is_fadeout_animation&quot;:&quot;false&quot;}\">\n\t\t\t<div class=\"elementor-widget-wrap elementor-element-populated\">\n\t\t\t\t\t\t<div class=\"elementor-element elementor-element-e10bb5d animated-fast elementor-invisible elementor-widget elementor-widget-text-editor\" data-id=\"e10bb5d\" data-element_type=\"widget\" data-settings=\"{&quot;_animation&quot;:&quot;fadeInUp&quot;,&quot;architecturer_ext_is_mobile_menu&quot;:&quot;false&quot;,&quot;architecturer_ext_is_scrollme&quot;:&quot;false&quot;,&quot;architecturer_ext_is_smoove&quot;:&quot;false&quot;,&quot;architecturer_ext_is_parallax_mouse&quot;:&quot;false&quot;,&quot;architecturer_ext_is_infinite&quot;:&quot;false&quot;,&quot;architecturer_ext_is_fadeout_animation&quot;:&quot;false&quot;}\" data-widget_type=\"text-editor.default\">\n\t\t\t\t<div class=\"elementor-widget-container\">\n\t\t\t\t\t\t\t\t\t<p>Offre d'emploi<\/p>\t\t\t\t\t\t\t\t<\/div>\n\t\t\t\t<\/div>\n\t\t\t\t<div class=\"elementor-element elementor-element-2ec3c75 elementor-widget elementor-widget-text-editor\" data-id=\"2ec3c75\" data-element_type=\"widget\" data-settings=\"{&quot;architecturer_ext_is_mobile_menu&quot;:&quot;false&quot;,&quot;architecturer_ext_is_scrollme&quot;:&quot;false&quot;,&quot;architecturer_ext_is_smoove&quot;:&quot;false&quot;,&quot;architecturer_ext_is_parallax_mouse&quot;:&quot;false&quot;,&quot;architecturer_ext_is_infinite&quot;:&quot;false&quot;,&quot;architecturer_ext_is_fadeout_animation&quot;:&quot;false&quot;}\" data-widget_type=\"text-editor.default\">\n\t\t\t\t<div class=\"elementor-widget-container\">\n\t\t\t\t\t\t\t\t\t<p><span style=\"font-family: Helvetica, sans-serif; font-size: 16px; font-style: normal;\">Nous ne recrutons pas actuellement, mais notre studio est en constante \u00e9volution.<\/span><\/p>\t\t\t\t\t\t\t\t<\/div>\n\t\t\t\t<\/div>\n\t\t\t\t<div class=\"elementor-element elementor-element-5fe248d elementor-widget elementor-widget-text-editor\" data-id=\"5fe248d\" data-element_type=\"widget\" data-settings=\"{&quot;architecturer_ext_is_mobile_menu&quot;:&quot;false&quot;,&quot;architecturer_ext_is_scrollme&quot;:&quot;false&quot;,&quot;architecturer_ext_is_smoove&quot;:&quot;false&quot;,&quot;architecturer_ext_is_parallax_mouse&quot;:&quot;false&quot;,&quot;architecturer_ext_is_infinite&quot;:&quot;false&quot;,&quot;architecturer_ext_is_fadeout_animation&quot;:&quot;false&quot;}\" data-widget_type=\"text-editor.default\">\n\t\t\t\t<div class=\"elementor-widget-container\">\n\t\t\t\t\t\t\t\t\t<p data-start=\"229\" data-end=\"648\">Nos projets \u00e9voluent avec le temps, tout comme notre \u00e9quipe.<br>N'h\u00e9sitez pas \u00e0 revenir plus tard pour d\u00e9couvrir de futures opportunit\u00e9s.<\/p>\n<p data-start=\"229\" data-end=\"648\">En attendant, nous vous invitons \u00e0 explorer nos r\u00e9alisations, \u00e0 d\u00e9couvrir notre approche et \u00e0 en apprendre davantage sur les valeurs qui nous animent.<\/p>\t\t\t\t\t\t\t\t<\/div>\n\t\t\t\t<\/div>\n\t\t\t\t\t<\/div>\n\t\t<\/div>\n\t\t\t\t<div class=\"elementor-column elementor-col-50 elementor-top-column elementor-element elementor-element-1da060f\" data-id=\"1da060f\" data-element_type=\"column\" data-settings=\"{&quot;background_background&quot;:&quot;classic&quot;,&quot;architecturer_ext_is_mobile_menu&quot;:&quot;false&quot;,&quot;architecturer_ext_is_scrollme&quot;:&quot;false&quot;,&quot;architecturer_ext_is_smoove&quot;:&quot;false&quot;,&quot;architecturer_ext_is_parallax_mouse&quot;:&quot;false&quot;,&quot;architecturer_ext_is_infinite&quot;:&quot;false&quot;,&quot;architecturer_ext_is_fadeout_animation&quot;:&quot;false&quot;}\">\n\t\t\t<div class=\"elementor-widget-wrap elementor-element-populated\">\n\t\t\t\t\t\t<div class=\"elementor-element elementor-element-ea3ac7e animated-fast elementor-invisible elementor-widget elementor-widget-image\" data-id=\"ea3ac7e\" data-element_type=\"widget\" data-settings=\"{&quot;_animation&quot;:&quot;fadeInLeft&quot;,&quot;_animation_delay&quot;:600,&quot;architecturer_image_is_animation&quot;:&quot;false&quot;,&quot;architecturer_ext_is_mobile_menu&quot;:&quot;false&quot;,&quot;architecturer_ext_is_scrollme&quot;:&quot;false&quot;,&quot;architecturer_ext_is_smoove&quot;:&quot;false&quot;,&quot;architecturer_ext_is_parallax_mouse&quot;:&quot;false&quot;,&quot;architecturer_ext_is_infinite&quot;:&quot;false&quot;,&quot;architecturer_ext_is_fadeout_animation&quot;:&quot;false&quot;}\" data-widget_type=\"image.default\">\n\t\t\t\t<div class=\"elementor-widget-container\">\n\t\t\t\t\t\t\t\t\t\t\t\t\t\t\t<img fetchpriority=\"high\" decoding=\"async\" width=\"768\" height=\"1024\" src=\"https:\/\/saharchitects.lu\/wp-content\/uploads\/2019\/05\/Blasen-768x1024.jpg\" class=\"attachment-large size-large wp-image-5315\" alt=\"\" srcset=\"https:\/\/saharchitects.lu\/wp-content\/uploads\/2019\/05\/Blasen-768x1024.jpg 768w, https:\/\/saharchitects.lu\/wp-content\/uploads\/2019\/05\/Blasen-225x300.jpg 225w, https:\/\/saharchitects.lu\/wp-content\/uploads\/2019\/05\/Blasen-440x587.jpg 440w\" sizes=\"(max-width: 768px) 100vw, 768px\" \/>\t\t\t\t\t\t\t\t\t\t\t\t\t\t\t<\/div>\n\t\t\t\t<\/div>\n\t\t\t\t\t<\/div>\n\t\t<\/div>\n\t\t\t\t\t<\/div>\n\t\t<\/section>\n\t\t\t\t<\/div>","protected":false},"excerpt":{"rendered":"<p>Job offer We are not currently hiring, but we&#8217;re always evolving. Our projects grow over time, and so does our team.Feel free to check later for future opportunities. In the meantime, we invite you to explore our work, discover our [&hellip;]<\/p>\n","protected":false},"author":1,"featured_media":0,"parent":0,"menu_order":0,"comment_status":"closed","ping_status":"closed","template":"","meta":{"footnotes":""},"class_list":["post-5312","page","type-page","status-publish","hentry"],"yoast_head":"<!-- This site is optimized with the Yoast SEO plugin v27.3 - https:\/\/yoast.com\/product\/yoast-seo-wordpress\/ -->\n<title>Job Offers - Saharchitects<\/title>\n<meta name=\"robots\" content=\"index, follow, max-snippet:-1, max-image-preview:large, max-video-preview:-1\" \/>\n<link rel=\"canonical\" href=\"https:\/\/saharchitects.lu\/fr\/saharchitects-jobs\/\" \/>\n<meta property=\"og:locale\" content=\"fr_FR\" \/>\n<meta property=\"og:type\" content=\"article\" \/>\n<meta property=\"og:title\" content=\"Job Offers - Saharchitects\" \/>\n<meta property=\"og:description\" content=\"Job offer We are not currently hiring, but we&#8217;re always evolving. Our projects grow over time, and so does our team.Feel free to check later for future opportunities. In the meantime, we invite you to explore our work, discover our [&hellip;]\" \/>\n<meta property=\"og:url\" content=\"https:\/\/saharchitects.lu\/fr\/saharchitects-jobs\/\" \/>\n<meta property=\"og:site_name\" content=\"Saharchitects\" \/>\n<meta property=\"article:publisher\" content=\"https:\/\/www.facebook.com\/saharchitect\/\" \/>\n<meta property=\"article:modified_time\" content=\"2026-02-03T14:51:29+00:00\" \/>\n<meta property=\"og:image\" content=\"https:\/\/saharchitects.lu\/wp-content\/uploads\/2019\/05\/Blasen.jpg\" \/>\n\t<meta property=\"og:image:width\" content=\"2448\" \/>\n\t<meta property=\"og:image:height\" content=\"3264\" \/>\n\t<meta property=\"og:image:type\" content=\"image\/jpeg\" \/>\n<meta name=\"twitter:card\" content=\"summary_large_image\" \/>\n<meta name=\"twitter:label1\" content=\"Dur\u00e9e de lecture est.\" \/>\n\t<meta name=\"twitter:data1\" content=\"1 minute\" \/>\n<script type=\"application\/ld+json\" class=\"yoast-schema-graph\">{\"@context\":\"https:\\\/\\\/schema.org\",\"@graph\":[{\"@type\":\"WebPage\",\"@id\":\"https:\\\/\\\/saharchitects.lu\\\/saharchitects-jobs\\\/\",\"url\":\"https:\\\/\\\/saharchitects.lu\\\/saharchitects-jobs\\\/\",\"name\":\"Job Offers - Saharchitects\",\"isPartOf\":{\"@id\":\"https:\\\/\\\/saharchitects.lu\\\/#website\"},\"primaryImageOfPage\":{\"@id\":\"https:\\\/\\\/saharchitects.lu\\\/saharchitects-jobs\\\/#primaryimage\"},\"image\":{\"@id\":\"https:\\\/\\\/saharchitects.lu\\\/saharchitects-jobs\\\/#primaryimage\"},\"thumbnailUrl\":\"https:\\\/\\\/saharchitects.lu\\\/wp-content\\\/uploads\\\/2019\\\/05\\\/Blasen-768x1024.jpg\",\"datePublished\":\"2019-05-10T10:11:26+00:00\",\"dateModified\":\"2026-02-03T14:51:29+00:00\",\"breadcrumb\":{\"@id\":\"https:\\\/\\\/saharchitects.lu\\\/saharchitects-jobs\\\/#breadcrumb\"},\"inLanguage\":\"fr-BE\",\"potentialAction\":[{\"@type\":\"ReadAction\",\"target\":[\"https:\\\/\\\/saharchitects.lu\\\/saharchitects-jobs\\\/\"]}]},{\"@type\":\"ImageObject\",\"inLanguage\":\"fr-BE\",\"@id\":\"https:\\\/\\\/saharchitects.lu\\\/saharchitects-jobs\\\/#primaryimage\",\"url\":\"https:\\\/\\\/saharchitects.lu\\\/wp-content\\\/uploads\\\/2019\\\/05\\\/Blasen-768x1024.jpg\",\"contentUrl\":\"https:\\\/\\\/saharchitects.lu\\\/wp-content\\\/uploads\\\/2019\\\/05\\\/Blasen-768x1024.jpg\"},{\"@type\":\"BreadcrumbList\",\"@id\":\"https:\\\/\\\/saharchitects.lu\\\/saharchitects-jobs\\\/#breadcrumb\",\"itemListElement\":[{\"@type\":\"ListItem\",\"position\":1,\"name\":\"Home\",\"item\":\"https:\\\/\\\/saharchitects.lu\\\/\"},{\"@type\":\"ListItem\",\"position\":2,\"name\":\"Job Offers\"}]},{\"@type\":\"WebSite\",\"@id\":\"https:\\\/\\\/saharchitects.lu\\\/#website\",\"url\":\"https:\\\/\\\/saharchitects.lu\\\/\",\"name\":\"Saharchitects\",\"description\":\"Architecture for wellbeing in Luxembourg\",\"potentialAction\":[{\"@type\":\"SearchAction\",\"target\":{\"@type\":\"EntryPoint\",\"urlTemplate\":\"https:\\\/\\\/saharchitects.lu\\\/?s={search_term_string}\"},\"query-input\":{\"@type\":\"PropertyValueSpecification\",\"valueRequired\":true,\"valueName\":\"search_term_string\"}}],\"inLanguage\":\"fr-BE\"}]}<\/script>\n<!-- \/ Yoast SEO plugin. -->","yoast_head_json":{"title":"Job Offers - Saharchitects","robots":{"index":"index","follow":"follow","max-snippet":"max-snippet:-1","max-image-preview":"max-image-preview:large","max-video-preview":"max-video-preview:-1"},"canonical":"https:\/\/saharchitects.lu\/fr\/saharchitects-jobs\/","og_locale":"fr_FR","og_type":"article","og_title":"Job Offers - Saharchitects","og_description":"Job offer We are not currently hiring, but we&#8217;re always evolving. Our projects grow over time, and so does our team.Feel free to check later for future opportunities. In the meantime, we invite you to explore our work, discover our [&hellip;]","og_url":"https:\/\/saharchitects.lu\/fr\/saharchitects-jobs\/","og_site_name":"Saharchitects","article_publisher":"https:\/\/www.facebook.com\/saharchitect\/","article_modified_time":"2026-02-03T14:51:29+00:00","og_image":[{"width":2448,"height":3264,"url":"https:\/\/saharchitects.lu\/wp-content\/uploads\/2019\/05\/Blasen.jpg","type":"image\/jpeg"}],"twitter_card":"summary_large_image","twitter_misc":{"Dur\u00e9e de lecture est.":"1 minute"},"schema":{"@context":"https:\/\/schema.org","@graph":[{"@type":"WebPage","@id":"https:\/\/saharchitects.lu\/saharchitects-jobs\/","url":"https:\/\/saharchitects.lu\/saharchitects-jobs\/","name":"Job Offers - Saharchitects","isPartOf":{"@id":"https:\/\/saharchitects.lu\/#website"},"primaryImageOfPage":{"@id":"https:\/\/saharchitects.lu\/saharchitects-jobs\/#primaryimage"},"image":{"@id":"https:\/\/saharchitects.lu\/saharchitects-jobs\/#primaryimage"},"thumbnailUrl":"https:\/\/saharchitects.lu\/wp-content\/uploads\/2019\/05\/Blasen-768x1024.jpg","datePublished":"2019-05-10T10:11:26+00:00","dateModified":"2026-02-03T14:51:29+00:00","breadcrumb":{"@id":"https:\/\/saharchitects.lu\/saharchitects-jobs\/#breadcrumb"},"inLanguage":"fr-BE","potentialAction":[{"@type":"ReadAction","target":["https:\/\/saharchitects.lu\/saharchitects-jobs\/"]}]},{"@type":"ImageObject","inLanguage":"fr-BE","@id":"https:\/\/saharchitects.lu\/saharchitects-jobs\/#primaryimage","url":"https:\/\/saharchitects.lu\/wp-content\/uploads\/2019\/05\/Blasen-768x1024.jpg","contentUrl":"https:\/\/saharchitects.lu\/wp-content\/uploads\/2019\/05\/Blasen-768x1024.jpg"},{"@type":"BreadcrumbList","@id":"https:\/\/saharchitects.lu\/saharchitects-jobs\/#breadcrumb","itemListElement":[{"@type":"ListItem","position":1,"name":"Home","item":"https:\/\/saharchitects.lu\/"},{"@type":"ListItem","position":2,"name":"Job Offers"}]},{"@type":"WebSite","@id":"https:\/\/saharchitects.lu\/#website","url":"https:\/\/saharchitects.lu\/","name":"Saharchitects","description":"Architecture for wellbeing in Luxembourg","potentialAction":[{"@type":"SearchAction","target":{"@type":"EntryPoint","urlTemplate":"https:\/\/saharchitects.lu\/?s={search_term_string}"},"query-input":{"@type":"PropertyValueSpecification","valueRequired":true,"valueName":"search_term_string"}}],"inLanguage":"fr-BE"}]}},"_links":{"self":[{"href":"https:\/\/saharchitects.lu\/fr\/wp-json\/wp\/v2\/pages\/5312","targetHints":{"allow":["GET"]}}],"collection":[{"href":"https:\/\/saharchitects.lu\/fr\/wp-json\/wp\/v2\/pages"}],"about":[{"href":"https:\/\/saharchitects.lu\/fr\/wp-json\/wp\/v2\/types\/page"}],"author":[{"embeddable":true,"href":"https:\/\/saharchitects.lu\/fr\/wp-json\/wp\/v2\/users\/1"}],"replies":[{"embeddable":true,"href":"https:\/\/saharchitects.lu\/fr\/wp-json\/wp\/v2\/comments?post=5312"}],"version-history":[{"count":117,"href":"https:\/\/saharchitects.lu\/fr\/wp-json\/wp\/v2\/pages\/5312\/revisions"}],"predecessor-version":[{"id":9165,"href":"https:\/\/saharchitects.lu\/fr\/wp-json\/wp\/v2\/pages\/5312\/revisions\/9165"}],"wp:attachment":[{"href":"https:\/\/saharchitects.lu\/fr\/wp-json\/wp\/v2\/media?parent=5312"}],"curies":[{"name":"wp","href":"https:\/\/api.w.org\/{rel}","templated":true}]}}