{"id":6631,"date":"2021-06-07T14:05:23","date_gmt":"2021-06-07T14:05:23","guid":{"rendered":"https:\/\/saharchitects.lu\/?page_id=6631"},"modified":"2021-06-07T14:06:16","modified_gmt":"2021-06-07T14:06:16","slug":"job-listing-project-manager","status":"publish","type":"page","link":"https:\/\/saharchitects.lu\/fr\/job-listing-project-manager\/","title":{"rendered":"Job Listing &#8211; Project Manager"},"content":{"rendered":"<div data-elementor-type=\"wp-post\" data-elementor-id=\"6631\" class=\"elementor elementor-6631\" data-elementor-post-type=\"page\">\n\t\t\t\t\t\t<section class=\"elementor-section elementor-top-section elementor-element elementor-element-a99c231 elementor-section-stretched elementor-section-boxed elementor-section-height-default elementor-section-height-default\" data-id=\"a99c231\" data-element_type=\"section\" data-settings=\"{&quot;stretch_section&quot;:&quot;section-stretched&quot;,&quot;architecturer_ext_is_background_parallax&quot;:&quot;false&quot;,&quot;architecturer_ext_is_background_on_scroll&quot;:&quot;false&quot;}\">\n\t\t\t\t\t\t<div class=\"elementor-container elementor-column-gap-no\">\n\t\t\t\t\t<div class=\"elementor-column elementor-col-50 elementor-top-column elementor-element elementor-element-fea7d18\" data-id=\"fea7d18\" data-element_type=\"column\" data-settings=\"{&quot;architecturer_ext_is_mobile_menu&quot;:&quot;false&quot;,&quot;architecturer_ext_is_scrollme&quot;:&quot;false&quot;,&quot;architecturer_ext_is_smoove&quot;:&quot;false&quot;,&quot;architecturer_ext_is_parallax_mouse&quot;:&quot;false&quot;,&quot;architecturer_ext_is_infinite&quot;:&quot;false&quot;,&quot;architecturer_ext_is_fadeout_animation&quot;:&quot;false&quot;}\">\n\t\t\t<div class=\"elementor-widget-wrap elementor-element-populated\">\n\t\t\t\t\t\t<div class=\"elementor-element elementor-element-fca15b0 elementor-widget elementor-widget-text-editor\" data-id=\"fca15b0\" data-element_type=\"widget\" data-settings=\"{&quot;architecturer_ext_is_mobile_menu&quot;:&quot;false&quot;,&quot;architecturer_ext_is_scrollme&quot;:&quot;false&quot;,&quot;architecturer_ext_is_smoove&quot;:&quot;false&quot;,&quot;architecturer_ext_is_parallax_mouse&quot;:&quot;false&quot;,&quot;architecturer_ext_is_infinite&quot;:&quot;false&quot;,&quot;architecturer_ext_is_fadeout_animation&quot;:&quot;false&quot;}\" data-widget_type=\"text-editor.default\">\n\t\t\t\t<div class=\"elementor-widget-container\">\n\t\t\t\t\t\t\t\t\t<p>At Saharchitects, we are a full service, boutique<strong>\u00a0<\/strong>architectural practice which provides excellence in service and design, specialised in residential projects. We engage meaningfully with our clients so that together we positively transform the way they live.<\/p>\t\t\t\t\t\t\t\t<\/div>\n\t\t\t\t<\/div>\n\t\t\t\t<div class=\"elementor-element elementor-element-e10bb5d animated-fast elementor-invisible elementor-widget elementor-widget-text-editor\" data-id=\"e10bb5d\" data-element_type=\"widget\" data-settings=\"{&quot;_animation&quot;:&quot;fadeInUp&quot;,&quot;architecturer_ext_is_mobile_menu&quot;:&quot;false&quot;,&quot;architecturer_ext_is_scrollme&quot;:&quot;false&quot;,&quot;architecturer_ext_is_smoove&quot;:&quot;false&quot;,&quot;architecturer_ext_is_parallax_mouse&quot;:&quot;false&quot;,&quot;architecturer_ext_is_infinite&quot;:&quot;false&quot;,&quot;architecturer_ext_is_fadeout_animation&quot;:&quot;false&quot;}\" data-widget_type=\"text-editor.default\">\n\t\t\t\t<div class=\"elementor-widget-container\">\n\t\t\t\t\t\t\t\t\t<p>Offres d'emploi<\/p>\t\t\t\t\t\t\t\t<\/div>\n\t\t\t\t<\/div>\n\t\t\t\t<section class=\"elementor-section elementor-inner-section elementor-element elementor-element-8cae661 elementor-section-boxed elementor-section-height-default elementor-section-height-default\" data-id=\"8cae661\" data-element_type=\"section\" data-settings=\"{&quot;architecturer_ext_is_background_parallax&quot;:&quot;false&quot;,&quot;architecturer_ext_is_background_on_scroll&quot;:&quot;false&quot;}\">\n\t\t\t\t\t\t<div class=\"elementor-container elementor-column-gap-default\">\n\t\t\t\t\t<div class=\"elementor-column elementor-col-100 elementor-inner-column elementor-element elementor-element-901ffdf\" data-id=\"901ffdf\" data-element_type=\"column\" data-settings=\"{&quot;architecturer_ext_is_mobile_menu&quot;:&quot;false&quot;,&quot;architecturer_ext_is_scrollme&quot;:&quot;false&quot;,&quot;architecturer_ext_is_smoove&quot;:&quot;false&quot;,&quot;architecturer_ext_is_parallax_mouse&quot;:&quot;false&quot;,&quot;architecturer_ext_is_infinite&quot;:&quot;false&quot;,&quot;architecturer_ext_is_fadeout_animation&quot;:&quot;false&quot;}\">\n\t\t\t<div class=\"elementor-widget-wrap elementor-element-populated\">\n\t\t\t\t\t\t<div class=\"elementor-element elementor-element-47f4bd5 animated-fast elementor-invisible elementor-widget elementor-widget-text-editor\" data-id=\"47f4bd5\" data-element_type=\"widget\" data-settings=\"{&quot;_animation&quot;:&quot;fadeInUp&quot;,&quot;_animation_delay&quot;:400,&quot;architecturer_ext_is_mobile_menu&quot;:&quot;false&quot;,&quot;architecturer_ext_is_scrollme&quot;:&quot;false&quot;,&quot;architecturer_ext_is_smoove&quot;:&quot;false&quot;,&quot;architecturer_ext_is_parallax_mouse&quot;:&quot;false&quot;,&quot;architecturer_ext_is_infinite&quot;:&quot;false&quot;,&quot;architecturer_ext_is_fadeout_animation&quot;:&quot;false&quot;}\" data-widget_type=\"text-editor.default\">\n\t\t\t\t<div class=\"elementor-widget-container\">\n\t\t\t\t\t\t\t\t\t<p>Posted 20.04.21<br \/>Project Manager <br \/>Minimum 5 years experience in construction or real estate management<\/p><p><span style=\"font-size: 12pt;\">At Saharchitects, we are a full service, boutique architectural practice specialised in residential buildings. We build strong relationships by respecting our client\u2019s vision and infusing it with excellence into the design of their home or development. We are searching for a <strong>highly rigorous construction project manager with the ability to communicate effectively,<\/strong> to join us in creating elegant and thoughtfully designed\u00a0homes for our clients.\u00a0<\/span><span style=\"font-size: 12pt;\">An ideal candidate is passionate about architecture and about translating design into the built environment through a responsible, thoughtful, and efficient process centred on value-driven efficiencies for clients and healthy profitability for the firm.<\/span><\/p><p><strong><span style=\"font-size: 12pt;\">Description du poste de chef de projet de construction :<\/span><\/strong><\/p><p><span style=\"font-size: 12pt;\">En tant que chef de projet de construction, vous contribuez et soutenez des projets architecturaux de qualit\u00e9, au sein d&#8217;une \u00e9quipe de projet en \u00e9troite collaboration avec des architectes.\u00a0<\/span><span style=\"font-size: 12pt;\">Vous contr\u00f4lez les d\u00e9lais, les co\u00fbts et la qualit\u00e9 des projets de construction, qu&#8217;il s&#8217;agisse de r\u00e9novations ou de la construction de maisons individuelles ou de projets r\u00e9sidentiels plus importants. Vous planifiez et coordonnez tous les aspects du processus de construction, y compris la s\u00e9lection des entrepreneurs et la collaboration avec les ing\u00e9nieurs.\u00a0<\/span><\/p><p><span style=\"font-size: 12pt;\">Vous serez \u00e9galement impliqu\u00e9 dans le processus de conception, mais la plupart du travail se fait sur les chantiers de construction.\u00a0<\/span><span style=\"font-size: 12pt;\">Le travail est tr\u00e8s collaboratif par nature.\u00a0<\/span><span style=\"font-size: 12pt;\">En tant que chef de projet de construction chez Saharchitects, vous travaillez sous la supervision directe d&#8217;un architecte senior.<\/span><\/p><p><strong><span style=\"font-size: 12pt;\">Fonctions et responsabilit\u00e9s du chef de projet de construction:\u00a0<\/span><\/strong><\/p><ul><li><span style=\"font-size: 12pt;\">Participez aux phases de conception et de d\u00e9veloppement \u00e0 des \u00e9tapes cl\u00e9s pour fournir des informations pr\u00e9cises et fiables sur les co\u00fbts, le calendrier et la constructibilit\u00e9.\u00a0<\/span><span style=\"font-size: 12pt;\">D\u00e9finir les objectifs du projet &amp; g\u00e9rer budget, planification dans son int\u00e9gralit\u00e9\u00a0<\/span><br \/><span style=\"font-size: 12pt;\">Etablir des avant-m\u00e9tr\u00e9 et des cahiers des charges (bordereaux) par corps de m\u00e9tier, lancer les appels d\u2019offre\u00a0<\/span><\/li><li><span style=\"font-size: 12pt;\">Assister le ma\u00eetre d\u2019ouvrage lors de la passation de commande \u00a0<\/span><\/li><li><span style=\"font-size: 12pt;\">Assurer la coordination des travaux de plusieurs projets de construction en tous corps d\u2019\u00e9tat\u00a0ou en entreprise g\u00e9n\u00e9rale<\/span><\/li><li><span style=\"font-size: 12pt;\">Anticiper et r\u00e9soudre les probl\u00e8mes \u00e9mergent lors de la r\u00e9alisation des travaux.<\/span><\/li><li><span style=\"font-size: 12pt;\">Contr\u00f4ler la bonne ex\u00e9cution des travaux &amp; s\u2019assurer de la qualit\u00e9 d\u2019ex\u00e9cution de toutes les\u00a0entreprises intervenantes sur le projet avec une exigence \u00e9lev\u00e9e.<\/span><\/li><li><span style=\"font-size: 12pt;\">Organiser les reporting p\u00e9riodiques n\u00e9cessaires et entretenir la bonne communication avec le\u00a0Ma\u00eetre d\u2019Ouvrage ainsi qu\u2019en interne avec les architectes<\/span><\/li><li><span style=\"font-size: 12pt;\">Assurer le suivi financier du projet avec contr\u00f4le des factures fournisseurs, reporting budget\u00a0au Ma\u00eetre d\u2019Ouvrage, suivi jusqu\u2019\u00e0\u00a0la lib\u00e9ration des garanties<\/span><\/li><li><span style=\"font-size: 12pt;\">Pilotage du groupe d\u2019\u00e9tude dans les diff\u00e9rentes phases du projet<\/span><\/li><li><span style=\"font-size: 12pt;\">Assurer une bonne relation avec les clients du projet\u00a0<\/span><\/li><li><span style=\"font-size: 12pt;\">Assurer un communication effective avec l\u2019ensembles des intervenants\u00a0<\/span><\/li><li><span style=\"font-size: 12pt;\">Accompagner le client lors de la r\u00e9ception des travaux<\/span><\/li><\/ul><p><strong><span style=\"font-size: 12pt;\">Le profile du chef de projet de construction :<\/span><\/strong><\/p><p><span style=\"font-size: 12pt;\">Vous \u00eates passionn\u00e9 par l&#8217;architecture et l&#8217;environnement b\u00e2ti, vous avez le sens du d\u00e9tail et du design, et vous \u00eates capable de r\u00e9soudre efficacement les probl\u00e8mes. Vous \u00eates tr\u00e8s organis\u00e9, auto-disciplin\u00e9 et rigoureux, multit\u00e2che et capable de hi\u00e9rarchiser plusieurs t\u00e2ches et projets diff\u00e9rents \u00e0 la fois. Vous n&#8217;avez aucun probl\u00e8me \u00e0 respecter les d\u00e9lais, \u00e0 travailler sous pression et \u00eates capable de communiquer efficacement avec vos clients et les autres membres de l\u2019\u00e9quipe de conception.<\/span><\/p><ul><li><span style=\"font-size: 12pt;\">Formation technique sup\u00e9rieure en construction de type Ing\u00e9nieur sp\u00e9cialit\u00e9 g\u00e9nie civil ou\u00a0Architecte ou technicien exp\u00e9riment\u00e9 dans la gestion de projet immobilier\u00a0<\/span><\/li><li><strong><span style=\"font-size: 12pt;\">Exp\u00e9rience minimum de 5 ans souhait\u00e9e dans le domaine de la construction ou de la gestion de\u00a0projet immobilier<\/span><\/strong><\/li><li><span style=\"font-size: 12pt;\">Connaissance du march\u00e9 de la construction &amp; de l\u2019immobilier au Luxembourg<\/span><\/li><li><span style=\"font-size: 12pt;\">Capable de d\u00e9finir les objectifs d\u2019un projet &amp; de mettre en \u0153uvre les moyens n\u00e9cessaires\u00a0pour les accomplir\u00a0<\/span><\/li><li><span style=\"font-size: 12pt;\">Dot\u00e9 de facult\u00e9s d\u2019analyse et de synth\u00e8se permettant une prise de d\u00e9cision rapide\u00a0<\/span><\/li><li><span style=\"font-size: 12pt;\">Sens de responsabilit\u00e9, rigoureux et sachant travailler de mani\u00e8re autonome, motiv\u00e9e et\u00a0engag\u00e9e \u00a0<\/span><\/li><li><span style=\"font-size: 12pt;\">Capable de dynamiser une \u00e9quipe de travail &amp; dot\u00e9 d\u2019un relationnel permettant la bonne\u00a0collaboration des \u00e9quipes de travail en interne et en externe\u00a0<\/span><\/li><li><span style=\"font-size: 12pt;\"><strong>La ma\u00eetrise de l\u2019Anglais, et le Fran\u00e7ais est obligatoire<\/strong>. La ma\u00eetrise de l\u2019Allemand, du Luxembourgeois constitue un r\u00e9el atout.\u00a0<\/span><\/li><li><span style=\"font-size: 12pt;\">La ma\u00eetrise des logiciels CAD et Ergo est un r\u00e9el atout. La ma\u00eetrise de Office est obligatoire. Les logiciels \u00e0 utiliser au quotidiens sont : Ergo, Merlin project (planning), Let\u2019sbuild (reporting), Office, Vectorworks \u00a0<\/span><\/li><\/ul><p><span style=\"font-size: 12pt;\">Nous vous offrons la possibilit\u00e9 de r\u00e9aliser des projects innovants et de haute qualit\u00e9 architecturale dans une \u00e9quipe dynamic \u00e0 l\u2019\u00e9chelle humaine dans un environnement exceptionnel au centre ville de Mersch. (proximit\u00e9 parc, restaurent, gare, parking public)<\/span><\/p><p><span style=\"font-size: 12pt;\">Merci de nous envoyer votre candidature (CV et lettre de motivation) par courrier \u00e9lectronique \u00e0 : job(at)saharchitects.lu\u00a0<\/span><\/p><p><span style=\"font-size: 12pt;\">Seuls les CV correspondant strictement \u00e0 ce profil seront pris en consid\u00e9ration pour une s\u00e9lection.<\/span><\/p><p><span style=\"font-size: 12pt;\">Les candidatures seront trait\u00e9es dans la plus stricte confidentialit\u00e9.<\/span><\/p><p><span style=\"font-size: 12pt;\">Saharchitects ne peut pas employer des personnes qui n&#8217;ont pas le droit l\u00e9gal de vivre et de travailler au Luxembourg.<\/span><\/p>\t\t\t\t\t\t\t\t<\/div>\n\t\t\t\t<\/div>\n\t\t\t\t\t<\/div>\n\t\t<\/div>\n\t\t\t\t\t<\/div>\n\t\t<\/section>\n\t\t\t\t\t<\/div>\n\t\t<\/div>\n\t\t\t\t<div class=\"elementor-column elementor-col-50 elementor-top-column elementor-element elementor-element-1da060f\" data-id=\"1da060f\" data-element_type=\"column\" data-settings=\"{&quot;background_background&quot;:&quot;classic&quot;,&quot;architecturer_ext_is_mobile_menu&quot;:&quot;false&quot;,&quot;architecturer_ext_is_scrollme&quot;:&quot;false&quot;,&quot;architecturer_ext_is_smoove&quot;:&quot;false&quot;,&quot;architecturer_ext_is_parallax_mouse&quot;:&quot;false&quot;,&quot;architecturer_ext_is_infinite&quot;:&quot;false&quot;,&quot;architecturer_ext_is_fadeout_animation&quot;:&quot;false&quot;}\">\n\t\t\t<div class=\"elementor-widget-wrap elementor-element-populated\">\n\t\t\t\t\t\t<div class=\"elementor-element elementor-element-ea3ac7e animated-fast elementor-invisible elementor-widget elementor-widget-image\" data-id=\"ea3ac7e\" data-element_type=\"widget\" data-settings=\"{&quot;_animation&quot;:&quot;fadeInLeft&quot;,&quot;_animation_delay&quot;:600,&quot;architecturer_image_is_animation&quot;:&quot;false&quot;,&quot;architecturer_ext_is_mobile_menu&quot;:&quot;false&quot;,&quot;architecturer_ext_is_scrollme&quot;:&quot;false&quot;,&quot;architecturer_ext_is_smoove&quot;:&quot;false&quot;,&quot;architecturer_ext_is_parallax_mouse&quot;:&quot;false&quot;,&quot;architecturer_ext_is_infinite&quot;:&quot;false&quot;,&quot;architecturer_ext_is_fadeout_animation&quot;:&quot;false&quot;}\" data-widget_type=\"image.default\">\n\t\t\t\t<div class=\"elementor-widget-container\">\n\t\t\t\t\t\t\t\t\t\t\t\t\t\t\t<img fetchpriority=\"high\" decoding=\"async\" width=\"768\" height=\"1024\" src=\"https:\/\/saharchitects.lu\/wp-content\/uploads\/2019\/05\/Blasen-768x1024.jpg\" class=\"attachment-large size-large wp-image-5315\" alt=\"\" srcset=\"https:\/\/saharchitects.lu\/wp-content\/uploads\/2019\/05\/Blasen-768x1024.jpg 768w, https:\/\/saharchitects.lu\/wp-content\/uploads\/2019\/05\/Blasen-225x300.jpg 225w, https:\/\/saharchitects.lu\/wp-content\/uploads\/2019\/05\/Blasen-440x587.jpg 440w\" sizes=\"(max-width: 768px) 100vw, 768px\" \/>\t\t\t\t\t\t\t\t\t\t\t\t\t\t\t<\/div>\n\t\t\t\t<\/div>\n\t\t\t\t\t<\/div>\n\t\t<\/div>\n\t\t\t\t\t<\/div>\n\t\t<\/section>\n\t\t\t\t<\/div>","protected":false},"excerpt":{"rendered":"<p>At Saharchitects, we are a full service, boutique\u00a0architectural practice which provides excellence in service and design, specialised in residential projects. We engage meaningfully with our clients so that together we positively transform the way they live. Job Offers Posted 20.04.21Project [&hellip;]<\/p>\n","protected":false},"author":1,"featured_media":0,"parent":0,"menu_order":0,"comment_status":"closed","ping_status":"closed","template":"","meta":{"footnotes":""},"class_list":["post-6631","page","type-page","status-publish","hentry"],"yoast_head":"<!-- This site is optimized with the Yoast SEO plugin v27.3 - https:\/\/yoast.com\/product\/yoast-seo-wordpress\/ -->\n<title>Job Listing - Project Manager - Saharchitects<\/title>\n<meta name=\"robots\" content=\"index, follow, max-snippet:-1, max-image-preview:large, max-video-preview:-1\" \/>\n<link rel=\"canonical\" href=\"https:\/\/saharchitects.lu\/fr\/job-listing-project-manager\/\" \/>\n<meta property=\"og:locale\" content=\"fr_FR\" \/>\n<meta property=\"og:type\" content=\"article\" \/>\n<meta property=\"og:title\" content=\"Job Listing - Project Manager - Saharchitects\" \/>\n<meta property=\"og:description\" content=\"At Saharchitects, we are a full service, boutique\u00a0architectural practice which provides excellence in service and design, specialised in residential projects. We engage meaningfully with our clients so that together we positively transform the way they live. Job Offers Posted 20.04.21Project [&hellip;]\" \/>\n<meta property=\"og:url\" content=\"https:\/\/saharchitects.lu\/fr\/job-listing-project-manager\/\" \/>\n<meta property=\"og:site_name\" content=\"Saharchitects\" \/>\n<meta property=\"article:publisher\" content=\"https:\/\/www.facebook.com\/saharchitect\/\" \/>\n<meta property=\"article:modified_time\" content=\"2021-06-07T14:06:16+00:00\" \/>\n<meta property=\"og:image\" content=\"https:\/\/saharchitects.lu\/wp-content\/uploads\/2019\/05\/Blasen-768x1024.jpg\" \/>\n<meta name=\"twitter:card\" content=\"summary_large_image\" \/>\n<meta name=\"twitter:label1\" content=\"Dur\u00e9e de lecture est.\" \/>\n\t<meta name=\"twitter:data1\" content=\"4 minutes\" \/>\n<script type=\"application\/ld+json\" class=\"yoast-schema-graph\">{\"@context\":\"https:\\\/\\\/schema.org\",\"@graph\":[{\"@type\":\"WebPage\",\"@id\":\"https:\\\/\\\/saharchitects.lu\\\/job-listing-project-manager\\\/\",\"url\":\"https:\\\/\\\/saharchitects.lu\\\/job-listing-project-manager\\\/\",\"name\":\"Job Listing - Project Manager - Saharchitects\",\"isPartOf\":{\"@id\":\"https:\\\/\\\/saharchitects.lu\\\/#website\"},\"primaryImageOfPage\":{\"@id\":\"https:\\\/\\\/saharchitects.lu\\\/job-listing-project-manager\\\/#primaryimage\"},\"image\":{\"@id\":\"https:\\\/\\\/saharchitects.lu\\\/job-listing-project-manager\\\/#primaryimage\"},\"thumbnailUrl\":\"https:\\\/\\\/saharchitects.lu\\\/wp-content\\\/uploads\\\/2019\\\/05\\\/Blasen-768x1024.jpg\",\"datePublished\":\"2021-06-07T14:05:23+00:00\",\"dateModified\":\"2021-06-07T14:06:16+00:00\",\"breadcrumb\":{\"@id\":\"https:\\\/\\\/saharchitects.lu\\\/job-listing-project-manager\\\/#breadcrumb\"},\"inLanguage\":\"fr-BE\",\"potentialAction\":[{\"@type\":\"ReadAction\",\"target\":[\"https:\\\/\\\/saharchitects.lu\\\/job-listing-project-manager\\\/\"]}]},{\"@type\":\"ImageObject\",\"inLanguage\":\"fr-BE\",\"@id\":\"https:\\\/\\\/saharchitects.lu\\\/job-listing-project-manager\\\/#primaryimage\",\"url\":\"https:\\\/\\\/saharchitects.lu\\\/wp-content\\\/uploads\\\/2019\\\/05\\\/Blasen-768x1024.jpg\",\"contentUrl\":\"https:\\\/\\\/saharchitects.lu\\\/wp-content\\\/uploads\\\/2019\\\/05\\\/Blasen-768x1024.jpg\"},{\"@type\":\"BreadcrumbList\",\"@id\":\"https:\\\/\\\/saharchitects.lu\\\/job-listing-project-manager\\\/#breadcrumb\",\"itemListElement\":[{\"@type\":\"ListItem\",\"position\":1,\"name\":\"Home\",\"item\":\"https:\\\/\\\/saharchitects.lu\\\/\"},{\"@type\":\"ListItem\",\"position\":2,\"name\":\"Job Listing &#8211; Project Manager\"}]},{\"@type\":\"WebSite\",\"@id\":\"https:\\\/\\\/saharchitects.lu\\\/#website\",\"url\":\"https:\\\/\\\/saharchitects.lu\\\/\",\"name\":\"Saharchitects\",\"description\":\"Architecture for wellbeing in Luxembourg\",\"potentialAction\":[{\"@type\":\"SearchAction\",\"target\":{\"@type\":\"EntryPoint\",\"urlTemplate\":\"https:\\\/\\\/saharchitects.lu\\\/?s={search_term_string}\"},\"query-input\":{\"@type\":\"PropertyValueSpecification\",\"valueRequired\":true,\"valueName\":\"search_term_string\"}}],\"inLanguage\":\"fr-BE\"}]}<\/script>\n<!-- \/ Yoast SEO plugin. -->","yoast_head_json":{"title":"Job Listing - Project Manager - Saharchitects","robots":{"index":"index","follow":"follow","max-snippet":"max-snippet:-1","max-image-preview":"max-image-preview:large","max-video-preview":"max-video-preview:-1"},"canonical":"https:\/\/saharchitects.lu\/fr\/job-listing-project-manager\/","og_locale":"fr_FR","og_type":"article","og_title":"Job Listing - Project Manager - Saharchitects","og_description":"At Saharchitects, we are a full service, boutique\u00a0architectural practice which provides excellence in service and design, specialised in residential projects. We engage meaningfully with our clients so that together we positively transform the way they live. Job Offers Posted 20.04.21Project [&hellip;]","og_url":"https:\/\/saharchitects.lu\/fr\/job-listing-project-manager\/","og_site_name":"Saharchitects","article_publisher":"https:\/\/www.facebook.com\/saharchitect\/","article_modified_time":"2021-06-07T14:06:16+00:00","og_image":[{"url":"https:\/\/saharchitects.lu\/wp-content\/uploads\/2019\/05\/Blasen-768x1024.jpg","type":"","width":"","height":""}],"twitter_card":"summary_large_image","twitter_misc":{"Dur\u00e9e de lecture est.":"4 minutes"},"schema":{"@context":"https:\/\/schema.org","@graph":[{"@type":"WebPage","@id":"https:\/\/saharchitects.lu\/job-listing-project-manager\/","url":"https:\/\/saharchitects.lu\/job-listing-project-manager\/","name":"Job Listing - Project Manager - Saharchitects","isPartOf":{"@id":"https:\/\/saharchitects.lu\/#website"},"primaryImageOfPage":{"@id":"https:\/\/saharchitects.lu\/job-listing-project-manager\/#primaryimage"},"image":{"@id":"https:\/\/saharchitects.lu\/job-listing-project-manager\/#primaryimage"},"thumbnailUrl":"https:\/\/saharchitects.lu\/wp-content\/uploads\/2019\/05\/Blasen-768x1024.jpg","datePublished":"2021-06-07T14:05:23+00:00","dateModified":"2021-06-07T14:06:16+00:00","breadcrumb":{"@id":"https:\/\/saharchitects.lu\/job-listing-project-manager\/#breadcrumb"},"inLanguage":"fr-BE","potentialAction":[{"@type":"ReadAction","target":["https:\/\/saharchitects.lu\/job-listing-project-manager\/"]}]},{"@type":"ImageObject","inLanguage":"fr-BE","@id":"https:\/\/saharchitects.lu\/job-listing-project-manager\/#primaryimage","url":"https:\/\/saharchitects.lu\/wp-content\/uploads\/2019\/05\/Blasen-768x1024.jpg","contentUrl":"https:\/\/saharchitects.lu\/wp-content\/uploads\/2019\/05\/Blasen-768x1024.jpg"},{"@type":"BreadcrumbList","@id":"https:\/\/saharchitects.lu\/job-listing-project-manager\/#breadcrumb","itemListElement":[{"@type":"ListItem","position":1,"name":"Home","item":"https:\/\/saharchitects.lu\/"},{"@type":"ListItem","position":2,"name":"Job Listing &#8211; Project Manager"}]},{"@type":"WebSite","@id":"https:\/\/saharchitects.lu\/#website","url":"https:\/\/saharchitects.lu\/","name":"Saharchitects","description":"Architecture for wellbeing in Luxembourg","potentialAction":[{"@type":"SearchAction","target":{"@type":"EntryPoint","urlTemplate":"https:\/\/saharchitects.lu\/?s={search_term_string}"},"query-input":{"@type":"PropertyValueSpecification","valueRequired":true,"valueName":"search_term_string"}}],"inLanguage":"fr-BE"}]}},"_links":{"self":[{"href":"https:\/\/saharchitects.lu\/fr\/wp-json\/wp\/v2\/pages\/6631","targetHints":{"allow":["GET"]}}],"collection":[{"href":"https:\/\/saharchitects.lu\/fr\/wp-json\/wp\/v2\/pages"}],"about":[{"href":"https:\/\/saharchitects.lu\/fr\/wp-json\/wp\/v2\/types\/page"}],"author":[{"embeddable":true,"href":"https:\/\/saharchitects.lu\/fr\/wp-json\/wp\/v2\/users\/1"}],"replies":[{"embeddable":true,"href":"https:\/\/saharchitects.lu\/fr\/wp-json\/wp\/v2\/comments?post=6631"}],"version-history":[{"count":4,"href":"https:\/\/saharchitects.lu\/fr\/wp-json\/wp\/v2\/pages\/6631\/revisions"}],"predecessor-version":[{"id":6635,"href":"https:\/\/saharchitects.lu\/fr\/wp-json\/wp\/v2\/pages\/6631\/revisions\/6635"}],"wp:attachment":[{"href":"https:\/\/saharchitects.lu\/fr\/wp-json\/wp\/v2\/media?parent=6631"}],"curies":[{"name":"wp","href":"https:\/\/api.w.org\/{rel}","templated":true}]}}