{"id":6872,"date":"2021-11-08T08:31:50","date_gmt":"2021-11-08T08:31:50","guid":{"rendered":"https:\/\/saharchitects.lu\/?page_id=6872"},"modified":"2024-11-29T12:38:58","modified_gmt":"2024-11-29T11:38:58","slug":"portfolio-private-homes","status":"publish","type":"page","link":"https:\/\/saharchitects.lu\/fr\/portfolio-private-homes\/","title":{"rendered":"Portfolio Private Homes"},"content":{"rendered":"<div data-elementor-type=\"wp-post\" data-elementor-id=\"6872\" class=\"elementor elementor-6872\" data-elementor-post-type=\"page\">\n\t\t\t\t\t\t<section class=\"elementor-section elementor-top-section elementor-element elementor-element-9cdb7ae elementor-section-boxed elementor-section-height-default elementor-section-height-default\" data-id=\"9cdb7ae\" data-element_type=\"section\" data-settings=\"{&quot;architecturer_ext_is_background_parallax&quot;:&quot;false&quot;,&quot;architecturer_ext_is_background_on_scroll&quot;:&quot;false&quot;}\">\n\t\t\t\t\t\t<div class=\"elementor-container elementor-column-gap-default\">\n\t\t\t\t\t<div class=\"elementor-column elementor-col-100 elementor-top-column elementor-element elementor-element-111cfd4\" data-id=\"111cfd4\" data-element_type=\"column\" data-settings=\"{&quot;architecturer_ext_is_mobile_menu&quot;:&quot;false&quot;,&quot;architecturer_ext_is_scrollme&quot;:&quot;false&quot;,&quot;architecturer_ext_is_smoove&quot;:&quot;false&quot;,&quot;architecturer_ext_is_parallax_mouse&quot;:&quot;false&quot;,&quot;architecturer_ext_is_infinite&quot;:&quot;false&quot;,&quot;architecturer_ext_is_fadeout_animation&quot;:&quot;false&quot;}\">\n\t\t\t<div class=\"elementor-widget-wrap elementor-element-populated\">\n\t\t\t\t\t\t<div class=\"elementor-element elementor-element-83ae696 elementor-widget elementor-widget-heading\" data-id=\"83ae696\" data-element_type=\"widget\" data-settings=\"{&quot;architecturer_ext_is_mobile_menu&quot;:&quot;false&quot;,&quot;architecturer_ext_is_scrollme&quot;:&quot;false&quot;,&quot;architecturer_ext_is_smoove&quot;:&quot;false&quot;,&quot;architecturer_ext_is_parallax_mouse&quot;:&quot;false&quot;,&quot;architecturer_ext_is_infinite&quot;:&quot;false&quot;,&quot;architecturer_ext_is_fadeout_animation&quot;:&quot;false&quot;}\" data-widget_type=\"heading.default\">\n\t\t\t\t<div class=\"elementor-widget-container\">\n\t\t\t\t\t<h4 class=\"elementor-heading-title elementor-size-default\">Portfolio New Homes<\/h4>\t\t\t\t<\/div>\n\t\t\t\t<\/div>\n\t\t\t\t<div class=\"elementor-element elementor-element-b4a3b5a elementor-widget elementor-widget-text-editor\" data-id=\"b4a3b5a\" data-element_type=\"widget\" data-settings=\"{&quot;architecturer_ext_is_mobile_menu&quot;:&quot;false&quot;,&quot;architecturer_ext_is_scrollme&quot;:&quot;false&quot;,&quot;architecturer_ext_is_smoove&quot;:&quot;false&quot;,&quot;architecturer_ext_is_parallax_mouse&quot;:&quot;false&quot;,&quot;architecturer_ext_is_infinite&quot;:&quot;false&quot;,&quot;architecturer_ext_is_fadeout_animation&quot;:&quot;false&quot;}\" data-widget_type=\"text-editor.default\">\n\t\t\t\t<div class=\"elementor-widget-container\">\n\t\t\t\t\t\t\t\t\t<p>Que vous soyez en qu\u00eate d\u2019inspiration ou simplement curieux de d\u00e9couvrir notre travail,\u00a0<span style=\"font-size: 16px;\">n\u2019h\u00e9sitez pas \u00e0 explorer les liens ci-dessous. Pour toute question, notre \u00e9quipe se tient \u00e0 votre disposition dans notre bureau \u00e0 Mersch.\nBonne visite\u202f! \u00a0<\/span><\/p>\t\t\t\t\t\t\t\t<\/div>\n\t\t\t\t<\/div>\n\t\t\t\t\t<\/div>\n\t\t<\/div>\n\t\t\t\t\t<\/div>\n\t\t<\/section>\n\t\t\t\t<section class=\"elementor-section elementor-top-section elementor-element elementor-element-df3e08d elementor-section-stretched elementor-section-boxed elementor-section-height-default elementor-section-height-default\" data-id=\"df3e08d\" data-element_type=\"section\" data-settings=\"{&quot;stretch_section&quot;:&quot;section-stretched&quot;,&quot;background_background&quot;:&quot;classic&quot;,&quot;architecturer_ext_is_background_parallax&quot;:&quot;false&quot;,&quot;architecturer_ext_is_background_on_scroll&quot;:&quot;false&quot;}\">\n\t\t\t\t\t\t<div class=\"elementor-container elementor-column-gap-narrow\">\n\t\t\t\t\t<div class=\"elementor-column elementor-col-50 elementor-top-column elementor-element elementor-element-dbe1dd2\" data-id=\"dbe1dd2\" data-element_type=\"column\" data-settings=\"{&quot;background_background&quot;:&quot;classic&quot;,&quot;architecturer_ext_is_mobile_menu&quot;:&quot;false&quot;,&quot;architecturer_ext_is_scrollme&quot;:&quot;false&quot;,&quot;architecturer_ext_is_smoove&quot;:&quot;false&quot;,&quot;architecturer_ext_is_parallax_mouse&quot;:&quot;false&quot;,&quot;architecturer_ext_is_infinite&quot;:&quot;false&quot;,&quot;architecturer_ext_is_fadeout_animation&quot;:&quot;false&quot;}\">\n\t\t\t<div class=\"elementor-widget-wrap elementor-element-populated\">\n\t\t\t\t\t\t<div class=\"elementor-element elementor-element-fbfcb7d elementor-widget elementor-widget-heading\" data-id=\"fbfcb7d\" data-element_type=\"widget\" data-settings=\"{&quot;architecturer_ext_is_mobile_menu&quot;:&quot;false&quot;,&quot;architecturer_ext_is_scrollme&quot;:&quot;false&quot;,&quot;architecturer_ext_is_smoove&quot;:&quot;false&quot;,&quot;architecturer_ext_is_parallax_mouse&quot;:&quot;false&quot;,&quot;architecturer_ext_is_infinite&quot;:&quot;false&quot;,&quot;architecturer_ext_is_fadeout_animation&quot;:&quot;false&quot;}\" data-widget_type=\"heading.default\">\n\t\t\t\t<div class=\"elementor-widget-container\">\n\t\t\t\t\t<h2 class=\"elementor-heading-title elementor-size-medium\"><a href=\"https:\/\/saharchitects.lu\/fr\/new-homes\/\">New construction<\/a><\/h2>\t\t\t\t<\/div>\n\t\t\t\t<\/div>\n\t\t\t\t<div class=\"elementor-element elementor-element-76eea33 elementor-widget elementor-widget-text-editor\" data-id=\"76eea33\" data-element_type=\"widget\" data-settings=\"{&quot;architecturer_ext_is_mobile_menu&quot;:&quot;false&quot;,&quot;architecturer_ext_is_scrollme&quot;:&quot;false&quot;,&quot;architecturer_ext_is_smoove&quot;:&quot;false&quot;,&quot;architecturer_ext_is_parallax_mouse&quot;:&quot;false&quot;,&quot;architecturer_ext_is_infinite&quot;:&quot;false&quot;,&quot;architecturer_ext_is_fadeout_animation&quot;:&quot;false&quot;}\" data-widget_type=\"text-editor.default\">\n\t\t\t\t<div class=\"elementor-widget-container\">\n\t\t\t\t\t\t\t\t\t<p>A portfolio of newly constructed private homes in Luxembourg<\/p>\t\t\t\t\t\t\t\t<\/div>\n\t\t\t\t<\/div>\n\t\t\t\t\t<\/div>\n\t\t<\/div>\n\t\t\t\t<div class=\"elementor-column elementor-col-50 elementor-top-column elementor-element elementor-element-8676f7d\" data-id=\"8676f7d\" data-element_type=\"column\" data-settings=\"{&quot;background_background&quot;:&quot;classic&quot;,&quot;architecturer_ext_is_mobile_menu&quot;:&quot;false&quot;,&quot;architecturer_ext_is_scrollme&quot;:&quot;false&quot;,&quot;architecturer_ext_is_smoove&quot;:&quot;false&quot;,&quot;architecturer_ext_is_parallax_mouse&quot;:&quot;false&quot;,&quot;architecturer_ext_is_infinite&quot;:&quot;false&quot;,&quot;architecturer_ext_is_fadeout_animation&quot;:&quot;false&quot;}\">\n\t\t\t<div class=\"elementor-widget-wrap elementor-element-populated\">\n\t\t\t\t\t\t<div class=\"elementor-element elementor-element-7f261ad elementor-widget elementor-widget-heading\" data-id=\"7f261ad\" data-element_type=\"widget\" data-settings=\"{&quot;architecturer_ext_is_mobile_menu&quot;:&quot;false&quot;,&quot;architecturer_ext_is_scrollme&quot;:&quot;false&quot;,&quot;architecturer_ext_is_smoove&quot;:&quot;false&quot;,&quot;architecturer_ext_is_parallax_mouse&quot;:&quot;false&quot;,&quot;architecturer_ext_is_infinite&quot;:&quot;false&quot;,&quot;architecturer_ext_is_fadeout_animation&quot;:&quot;false&quot;}\" data-widget_type=\"heading.default\">\n\t\t\t\t<div class=\"elementor-widget-container\">\n\t\t\t\t\t<h2 class=\"elementor-heading-title elementor-size-medium\"><a href=\"https:\/\/saharchitects.lu\/fr\/renovations-extensions\/\">Renovations and Transformations<\/a><\/h2>\t\t\t\t<\/div>\n\t\t\t\t<\/div>\n\t\t\t\t<div class=\"elementor-element elementor-element-e9545a2 elementor-widget elementor-widget-text-editor\" data-id=\"e9545a2\" data-element_type=\"widget\" data-settings=\"{&quot;architecturer_ext_is_mobile_menu&quot;:&quot;false&quot;,&quot;architecturer_ext_is_scrollme&quot;:&quot;false&quot;,&quot;architecturer_ext_is_smoove&quot;:&quot;false&quot;,&quot;architecturer_ext_is_parallax_mouse&quot;:&quot;false&quot;,&quot;architecturer_ext_is_infinite&quot;:&quot;false&quot;,&quot;architecturer_ext_is_fadeout_animation&quot;:&quot;false&quot;}\" data-widget_type=\"text-editor.default\">\n\t\t\t\t<div class=\"elementor-widget-container\">\n\t\t\t\t\t\t\t\t\t<p>A portfolio of renovations and transformations of private homes in Luxembourg<\/p>\t\t\t\t\t\t\t\t<\/div>\n\t\t\t\t<\/div>\n\t\t\t\t\t<\/div>\n\t\t<\/div>\n\t\t\t\t\t<\/div>\n\t\t<\/section>\n\t\t\t\t<section class=\"elementor-section elementor-top-section elementor-element elementor-element-fc7a4b7 elementor-section-stretched elementor-section-boxed elementor-section-height-default elementor-section-height-default\" data-id=\"fc7a4b7\" data-element_type=\"section\" id=\"gallery\" data-settings=\"{&quot;stretch_section&quot;:&quot;section-stretched&quot;,&quot;architecturer_ext_is_background_parallax&quot;:&quot;false&quot;,&quot;architecturer_ext_is_background_on_scroll&quot;:&quot;false&quot;}\">\n\t\t\t\t\t\t<div class=\"elementor-container elementor-column-gap-default\">\n\t\t\t\t\t<div class=\"elementor-column elementor-col-100 elementor-top-column elementor-element elementor-element-60bbd75\" data-id=\"60bbd75\" data-element_type=\"column\" data-settings=\"{&quot;architecturer_ext_is_mobile_menu&quot;:&quot;false&quot;,&quot;architecturer_ext_is_scrollme&quot;:&quot;false&quot;,&quot;architecturer_ext_is_smoove&quot;:&quot;false&quot;,&quot;architecturer_ext_is_parallax_mouse&quot;:&quot;false&quot;,&quot;architecturer_ext_is_infinite&quot;:&quot;false&quot;,&quot;architecturer_ext_is_fadeout_animation&quot;:&quot;false&quot;}\">\n\t\t\t<div class=\"elementor-widget-wrap elementor-element-populated\">\n\t\t\t\t\t\t<div class=\"elementor-element elementor-element-a3380b8 elementor-widget elementor-widget-photographer-gallery-horizontal\" data-id=\"a3380b8\" data-element_type=\"widget\" data-settings=\"{&quot;architecturer_ext_is_mobile_menu&quot;:&quot;false&quot;,&quot;architecturer_ext_is_scrollme&quot;:&quot;false&quot;,&quot;architecturer_ext_is_smoove&quot;:&quot;false&quot;,&quot;architecturer_ext_is_parallax_mouse&quot;:&quot;false&quot;,&quot;architecturer_ext_is_infinite&quot;:&quot;false&quot;,&quot;architecturer_ext_is_fadeout_animation&quot;:&quot;false&quot;}\" data-widget_type=\"photographer-gallery-horizontal.default\">\n\t\t\t\t<div class=\"elementor-widget-container\">\n\t\t\t\t\t<div class=\"tg_horizontal_gallery_wrapper\" data-autoplay=\"8000\" data-loop=\"0\" data-navigation=\"1\" data-pagination=\"0\" data-parallax=\"1\" data-fullscreen=\"0\">\n\t\t<div class=\"tg_horizontal_gallery_cell\" style=\"margin-right:10px\">\n\t\t\t\t\t\t<img class=\"tg_horizontal_gallery_cell_img\" data-flickity-lazyload=\"https:\/\/saharchitects.lu\/wp-content\/uploads\/2020\/08\/junglinster_2959_RGB-1024x683.jpg\" alt=\"\" style=\"height:620px;\" \/>\n\t\t\t\t\t<\/div>\n\t\t<div class=\"tg_horizontal_gallery_cell\" style=\"margin-right:10px\">\n\t\t\t\t\t\t<img class=\"tg_horizontal_gallery_cell_img\" data-flickity-lazyload=\"https:\/\/saharchitects.lu\/wp-content\/uploads\/2020\/08\/junglinster_2199_RGB-1024x683.jpg\" alt=\"\" style=\"height:620px;\" \/>\n\t\t\t\t\t<\/div>\n\t\t<div class=\"tg_horizontal_gallery_cell\" style=\"margin-right:10px\">\n\t\t\t\t\t\t<img class=\"tg_horizontal_gallery_cell_img\" data-flickity-lazyload=\"https:\/\/saharchitects.lu\/wp-content\/uploads\/2019\/02\/gasp_05_RVB-683x1024.jpg\" alt=\"\" style=\"height:620px;\" \/>\n\t\t\t\t\t<\/div>\n\t\t<div class=\"tg_horizontal_gallery_cell\" style=\"margin-right:10px\">\n\t\t\t\t\t\t<img class=\"tg_horizontal_gallery_cell_img\" data-flickity-lazyload=\"https:\/\/saharchitects.lu\/wp-content\/uploads\/2020\/10\/V1_Def_200907_Ex-web-740x1024.jpg\" alt=\"\" style=\"height:620px;\" \/>\n\t\t\t\t\t<\/div>\n\t\t<div class=\"tg_horizontal_gallery_cell\" style=\"margin-right:10px\">\n\t\t\t\t\t\t<img class=\"tg_horizontal_gallery_cell_img\" data-flickity-lazyload=\"https:\/\/saharchitects.lu\/wp-content\/uploads\/2019\/03\/Dondel_05-1024x683.jpg\" alt=\"\" style=\"height:620px;\" \/>\n\t\t\t\t\t<\/div>\n\t\t<div class=\"tg_horizontal_gallery_cell\" style=\"margin-right:10px\">\n\t\t\t\t\t\t<img class=\"tg_horizontal_gallery_cell_img\" data-flickity-lazyload=\"https:\/\/saharchitects.lu\/wp-content\/uploads\/2019\/02\/Dondel_01-1024x847.jpg\" alt=\"\" style=\"height:620px;\" \/>\n\t\t\t\t\t<\/div>\n\t\t<div class=\"tg_horizontal_gallery_cell\" style=\"margin-right:10px\">\n\t\t\t\t\t\t<img class=\"tg_horizontal_gallery_cell_img\" data-flickity-lazyload=\"https:\/\/saharchitects.lu\/wp-content\/uploads\/2020\/08\/junglinster_2245_RGB-1024x683.jpg\" alt=\"\" style=\"height:620px;\" \/>\n\t\t\t\t\t<\/div>\n<\/div>\n\t\t\t\t<\/div>\n\t\t\t\t<\/div>\n\t\t\t\t\t<\/div>\n\t\t<\/div>\n\t\t\t\t\t<\/div>\n\t\t<\/section>\n\t\t\t\t<\/div>","protected":false},"excerpt":{"rendered":"<p>Portfolio New Homes Whether you are looking for inspiration or just want to review our work,\u00a0please feel free to click on the following links. Please don&#8217;t hesitate to contact us at our office in Mersch with any questions. Enjoy! \u00a0 [&hellip;]<\/p>\n","protected":false},"author":1,"featured_media":0,"parent":0,"menu_order":0,"comment_status":"closed","ping_status":"closed","template":"","meta":{"footnotes":""},"class_list":["post-6872","page","type-page","status-publish","hentry"],"yoast_head":"<!-- This site is optimized with the Yoast SEO plugin v27.3 - https:\/\/yoast.com\/product\/yoast-seo-wordpress\/ -->\n<title>Portfolio Private Homes - Saharchitects<\/title>\n<meta name=\"description\" content=\"Saharchitects presents their portfolios of architecturally designed projects in Luxembourg. Well-being is the driving force behind our creative approach.\" \/>\n<meta name=\"robots\" content=\"index, follow, max-snippet:-1, max-image-preview:large, max-video-preview:-1\" \/>\n<link rel=\"canonical\" href=\"https:\/\/saharchitects.lu\/fr\/portfolio-private-homes\/\" \/>\n<meta property=\"og:locale\" content=\"fr_FR\" \/>\n<meta property=\"og:type\" content=\"article\" \/>\n<meta property=\"og:title\" content=\"Portfolio Private Homes - Saharchitects\" \/>\n<meta property=\"og:description\" content=\"Saharchitects presents their portfolios of architecturally designed projects in Luxembourg. Well-being is the driving force behind our creative approach.\" \/>\n<meta property=\"og:url\" content=\"https:\/\/saharchitects.lu\/fr\/portfolio-private-homes\/\" \/>\n<meta property=\"og:site_name\" content=\"Saharchitects\" \/>\n<meta property=\"article:publisher\" content=\"https:\/\/www.facebook.com\/saharchitect\/\" \/>\n<meta property=\"article:modified_time\" content=\"2024-11-29T11:38:58+00:00\" \/>\n<meta property=\"og:image\" content=\"https:\/\/saharchitects.lu\/wp-content\/uploads\/2019\/02\/Dondel_03-1024x683.jpg\" \/>\n\t<meta property=\"og:image:width\" content=\"1024\" \/>\n\t<meta property=\"og:image:height\" content=\"683\" \/>\n\t<meta property=\"og:image:type\" content=\"image\/jpeg\" \/>\n<meta name=\"twitter:card\" content=\"summary_large_image\" \/>\n<meta name=\"twitter:label1\" content=\"Dur\u00e9e de lecture est.\" \/>\n\t<meta name=\"twitter:data1\" content=\"2 minutes\" \/>\n<script type=\"application\/ld+json\" class=\"yoast-schema-graph\">{\"@context\":\"https:\\\/\\\/schema.org\",\"@graph\":[{\"@type\":\"WebPage\",\"@id\":\"https:\\\/\\\/saharchitects.lu\\\/portfolio-private-homes\\\/\",\"url\":\"https:\\\/\\\/saharchitects.lu\\\/portfolio-private-homes\\\/\",\"name\":\"Portfolio Private Homes - Saharchitects\",\"isPartOf\":{\"@id\":\"https:\\\/\\\/saharchitects.lu\\\/#website\"},\"datePublished\":\"2021-11-08T08:31:50+00:00\",\"dateModified\":\"2024-11-29T11:38:58+00:00\",\"description\":\"Saharchitects presents their portfolios of architecturally designed projects in Luxembourg. Well-being is the driving force behind our creative approach.\",\"breadcrumb\":{\"@id\":\"https:\\\/\\\/saharchitects.lu\\\/portfolio-private-homes\\\/#breadcrumb\"},\"inLanguage\":\"fr-BE\",\"potentialAction\":[{\"@type\":\"ReadAction\",\"target\":[\"https:\\\/\\\/saharchitects.lu\\\/portfolio-private-homes\\\/\"]}]},{\"@type\":\"BreadcrumbList\",\"@id\":\"https:\\\/\\\/saharchitects.lu\\\/portfolio-private-homes\\\/#breadcrumb\",\"itemListElement\":[{\"@type\":\"ListItem\",\"position\":1,\"name\":\"Home\",\"item\":\"https:\\\/\\\/saharchitects.lu\\\/\"},{\"@type\":\"ListItem\",\"position\":2,\"name\":\"Portfolio Private Homes\"}]},{\"@type\":\"WebSite\",\"@id\":\"https:\\\/\\\/saharchitects.lu\\\/#website\",\"url\":\"https:\\\/\\\/saharchitects.lu\\\/\",\"name\":\"Saharchitects\",\"description\":\"Architecture for wellbeing in Luxembourg\",\"potentialAction\":[{\"@type\":\"SearchAction\",\"target\":{\"@type\":\"EntryPoint\",\"urlTemplate\":\"https:\\\/\\\/saharchitects.lu\\\/?s={search_term_string}\"},\"query-input\":{\"@type\":\"PropertyValueSpecification\",\"valueRequired\":true,\"valueName\":\"search_term_string\"}}],\"inLanguage\":\"fr-BE\"}]}<\/script>\n<!-- \/ Yoast SEO plugin. -->","yoast_head_json":{"title":"Portfolio Private Homes - Saharchitects","description":"Saharchitects presents their portfolios of architecturally designed projects in Luxembourg. Well-being is the driving force behind our creative approach.","robots":{"index":"index","follow":"follow","max-snippet":"max-snippet:-1","max-image-preview":"max-image-preview:large","max-video-preview":"max-video-preview:-1"},"canonical":"https:\/\/saharchitects.lu\/fr\/portfolio-private-homes\/","og_locale":"fr_FR","og_type":"article","og_title":"Portfolio Private Homes - Saharchitects","og_description":"Saharchitects presents their portfolios of architecturally designed projects in Luxembourg. Well-being is the driving force behind our creative approach.","og_url":"https:\/\/saharchitects.lu\/fr\/portfolio-private-homes\/","og_site_name":"Saharchitects","article_publisher":"https:\/\/www.facebook.com\/saharchitect\/","article_modified_time":"2024-11-29T11:38:58+00:00","og_image":[{"width":1024,"height":683,"url":"https:\/\/saharchitects.lu\/wp-content\/uploads\/2019\/02\/Dondel_03-1024x683.jpg","type":"image\/jpeg"}],"twitter_card":"summary_large_image","twitter_misc":{"Dur\u00e9e de lecture est.":"2 minutes"},"schema":{"@context":"https:\/\/schema.org","@graph":[{"@type":"WebPage","@id":"https:\/\/saharchitects.lu\/portfolio-private-homes\/","url":"https:\/\/saharchitects.lu\/portfolio-private-homes\/","name":"Portfolio Private Homes - Saharchitects","isPartOf":{"@id":"https:\/\/saharchitects.lu\/#website"},"datePublished":"2021-11-08T08:31:50+00:00","dateModified":"2024-11-29T11:38:58+00:00","description":"Saharchitects presents their portfolios of architecturally designed projects in Luxembourg. Well-being is the driving force behind our creative approach.","breadcrumb":{"@id":"https:\/\/saharchitects.lu\/portfolio-private-homes\/#breadcrumb"},"inLanguage":"fr-BE","potentialAction":[{"@type":"ReadAction","target":["https:\/\/saharchitects.lu\/portfolio-private-homes\/"]}]},{"@type":"BreadcrumbList","@id":"https:\/\/saharchitects.lu\/portfolio-private-homes\/#breadcrumb","itemListElement":[{"@type":"ListItem","position":1,"name":"Home","item":"https:\/\/saharchitects.lu\/"},{"@type":"ListItem","position":2,"name":"Portfolio Private Homes"}]},{"@type":"WebSite","@id":"https:\/\/saharchitects.lu\/#website","url":"https:\/\/saharchitects.lu\/","name":"Saharchitects","description":"Architecture for wellbeing in Luxembourg","potentialAction":[{"@type":"SearchAction","target":{"@type":"EntryPoint","urlTemplate":"https:\/\/saharchitects.lu\/?s={search_term_string}"},"query-input":{"@type":"PropertyValueSpecification","valueRequired":true,"valueName":"search_term_string"}}],"inLanguage":"fr-BE"}]}},"_links":{"self":[{"href":"https:\/\/saharchitects.lu\/fr\/wp-json\/wp\/v2\/pages\/6872","targetHints":{"allow":["GET"]}}],"collection":[{"href":"https:\/\/saharchitects.lu\/fr\/wp-json\/wp\/v2\/pages"}],"about":[{"href":"https:\/\/saharchitects.lu\/fr\/wp-json\/wp\/v2\/types\/page"}],"author":[{"embeddable":true,"href":"https:\/\/saharchitects.lu\/fr\/wp-json\/wp\/v2\/users\/1"}],"replies":[{"embeddable":true,"href":"https:\/\/saharchitects.lu\/fr\/wp-json\/wp\/v2\/comments?post=6872"}],"version-history":[{"count":15,"href":"https:\/\/saharchitects.lu\/fr\/wp-json\/wp\/v2\/pages\/6872\/revisions"}],"predecessor-version":[{"id":8270,"href":"https:\/\/saharchitects.lu\/fr\/wp-json\/wp\/v2\/pages\/6872\/revisions\/8270"}],"wp:attachment":[{"href":"https:\/\/saharchitects.lu\/fr\/wp-json\/wp\/v2\/media?parent=6872"}],"curies":[{"name":"wp","href":"https:\/\/api.w.org\/{rel}","templated":true}]}}